{"id":1711,"date":"2024-05-21T03:25:44","date_gmt":"2024-05-21T03:25:44","guid":{"rendered":"https:\/\/alejandroperezparedes.com\/?page_id=1711"},"modified":"2025-12-16T14:21:40","modified_gmt":"2025-12-16T14:21:40","slug":"bio","status":"publish","type":"page","link":"https:\/\/alejandroperezparedes.com\/index.php\/bio\/","title":{"rendered":"bio"},"content":{"rendered":"\n<p class=\"has-text-align-left has-tertiary-color has-text-color has-link-color has-default-font-family wp-elements-32e623968eb2de842804ce8bd576272f\" style=\"margin-right:0px;margin-left:0px;font-size:clamp(14.082px, 0.88rem + ((1vw - 3.2px) * 0.509), 21px);font-style:normal;font-weight:400\">Alejandro P\u00e9rez\u2010Paredes (Murcia, 1993) es escritor, profesor e investigador. Actualmente trabaja en la Universit\u00e9 Paris Cit\u00e9 y la Sorbonne Universit\u00e9 (Paris IV). Vive entre Par\u00eds y Madrid. <br><br>A lo largo de su carrera profesional ha impartido clase en diferentes centros acad\u00e9micos de Francia y Espa\u00f1a, entre los que se cuentan la CELSA Sorbonne Universit\u00e9 (Paris IV \u2014 \u00c9cole des Hautes \u00c9tudes en Sciences de l&#8217;Information et la Communication), la Universit\u00e9 Paris-Saclay (Paris XI), la Universit\u00e9 de Lille, la Universit\u00e9 de N\u00eemes y la Universidad Internacional de Valencia (VIU). Realiza su tesis doctoral en la Universidad Complutense de Madrid, donde investiga sobre cultura algor\u00edtmica. Su trabajo se inscribe, de forma m\u00e1s amplia, en el \u00e1mbito de las <a href=\"https:\/\/scholar.google.com\/citations?user=1UBK0Xnz0G8C&amp;hl=es\" target=\"_blank\" rel=\"noreferrer noopener\">humanidades digitales<\/a>. <br><br>Asimismo, es autor de <em>\u00ab<a href=\"https:\/\/www.lacajabooks.com\/libro\/bedroom-safari-una-antropologia-de-la-vida-cotidiana\/\" target=\"_blank\" rel=\"noreferrer noopener\">Bedroom Safari. Una antropolog\u00eda de<\/a><a href=\"https:\/\/www.lacajabooks.com\/libro\/bedroom-safari-una-antropologia-de-la-vida-cotidiana\/\"> la vida cotidiana<\/a>\u00bb<\/em>, obra que explora los rituales y rutinas de la vida dom\u00e9stica; as\u00ed como de los libros de poemas \u00ab<a href=\"https:\/\/letraversal.com\/producto\/que-hubiese-sido-de-alejandro-perez-paredes\/\">Qu\u00e9 hubiese sido de m\u00ed sin <\/a><a href=\"https:\/\/letraversal.com\/producto\/que-hubiese-sido-de-alejandro-perez-paredes\/\" target=\"_blank\" rel=\"noreferrer noopener\">los<\/a><a href=\"https:\/\/letraversal.com\/producto\/que-hubiese-sido-de-alejandro-perez-paredes\/\"> velociraptors<\/a>\u00bb (Letraversal, 2021) y \u00ab<a href=\"https:\/\/www.estonoesberlin.com\/libros\/dios-tenia-la-misma-consistencia-que-el-pato-donald-alejandro-perez-paredes\/\" target=\"_blank\" rel=\"noreferrer noopener\">Dios ten\u00eda la misma consistencia que el pato<\/a><a href=\"https:\/\/www.estonoesberlin.com\/libros\/dios-tenia-la-misma-consistencia-que-el-pato-donald-alejandro-perez-paredes\/\"> Donald<\/a>\u00bb (Esto no es Berl\u00edn, 2018). Desde la experimentaci\u00f3n literaria, estos dos \u00faltimos textos abordan la cuesti\u00f3n de la identidad en el tiempo de internet. Su trabajo ha sido comentado y rese\u00f1ado en medios como <a href=\"https:\/\/elpais.com\/babelia\/2021-07-10\/12-personalidades-de-la-cultura-recomiendan-obras-para-las-vacaciones.html\">El <\/a><a href=\"https:\/\/elpais.com\/babelia\/2021-07-10\/12-personalidades-de-la-cultura-recomiendan-obras-para-las-vacaciones.html\" target=\"_blank\" rel=\"noreferrer noopener\">Pa\u00eds<\/a>, <a href=\"https:\/\/www.eldiario.es\/cultura\/libros\/juan-f-rivero-irati-iturritza-alejandro-perez-paredes-seis-autores-continuar-hablando-poesia_1_7896501.html\" target=\"_blank\" rel=\"noreferrer noopener\">elDiario<\/a><a href=\"https:\/\/www.eldiario.es\/cultura\/libros\/juan-f-rivero-irati-iturritza-alejandro-perez-paredes-seis-autores-continuar-hablando-poesia_1_7896501.html\">.es<\/a>, <a href=\"https:\/\/www.zendalibros.com\/crucifijos-en-la-arena\/\" target=\"_blank\" rel=\"noreferrer noopener\">Zenda<\/a>, <a href=\"https:\/\/www.lavanguardia.com\/local\/valencia\/20250720\/10903908\/resena-bedroom-safari-alejandro-perez-paredes.html\">La Vanguardia<\/a>, <a href=\"https:\/\/www.rtve.es\/play\/audios\/hoy-empieza-todo\/hoy-empieza-todo-bedroom-safari-alejandro-perez-paredes-23-10-25\/16783105\/\">Radio 3<\/a>. Sus libros est\u00e1n disponibles en estas <a href=\"https:\/\/search.worldcat.org\/es\/search?q=au=%22Pe%CC%81rez-Paredes%2C%20Alejandro%22\" target=\"_blank\" rel=\"noreferrer noopener\">Bibliotecas P\u00fablicas<\/a>.<br><br><br><\/p>\n","protected":false},"excerpt":{"rendered":"<p>Alejandro P\u00e9rez\u2010Paredes (Murcia, 1993) es escritor, profesor e investigador. Actualmente trabaja en la Universit\u00e9 Paris Cit\u00e9 y la Sorbonne Universit\u00e9 (Paris IV). Vive entre Par\u00eds y Madrid. A lo largo de su carrera profesional ha impartido clase en diferentes centros acad\u00e9micos de Francia y Espa\u00f1a, entre los que se cuentan la CELSA Sorbonne Universit\u00e9 (Paris [&hellip;]<\/p>\n","protected":false},"author":1,"featured_media":0,"parent":0,"menu_order":0,"comment_status":"closed","ping_status":"closed","template":"","meta":{"_uag_custom_page_level_css":"","footnotes":""},"uagb_featured_image_src":{"full":false,"thumbnail":false,"medium":false,"medium_large":false,"large":false,"1536x1536":false,"2048x2048":false},"uagb_author_info":{"display_name":"alexpparedesm@gmail.com","author_link":"https:\/\/alejandroperezparedes.com\/index.php\/author\/alexpparedesmgmail-com\/"},"uagb_comment_info":0,"uagb_excerpt":"Alejandro P\u00e9rez\u2010Paredes (Murcia, 1993) es escritor, profesor e investigador. Actualmente trabaja en la Universit\u00e9 Paris Cit\u00e9 y la Sorbonne Universit\u00e9 (Paris IV). Vive entre Par\u00eds y Madrid. A lo largo de su carrera profesional ha impartido clase en diferentes centros acad\u00e9micos de Francia y Espa\u00f1a, entre los que se cuentan la CELSA Sorbonne Universit\u00e9 (Paris&hellip;","_links":{"self":[{"href":"https:\/\/alejandroperezparedes.com\/index.php\/wp-json\/wp\/v2\/pages\/1711"}],"collection":[{"href":"https:\/\/alejandroperezparedes.com\/index.php\/wp-json\/wp\/v2\/pages"}],"about":[{"href":"https:\/\/alejandroperezparedes.com\/index.php\/wp-json\/wp\/v2\/types\/page"}],"author":[{"embeddable":true,"href":"https:\/\/alejandroperezparedes.com\/index.php\/wp-json\/wp\/v2\/users\/1"}],"replies":[{"embeddable":true,"href":"https:\/\/alejandroperezparedes.com\/index.php\/wp-json\/wp\/v2\/comments?post=1711"}],"version-history":[{"count":33,"href":"https:\/\/alejandroperezparedes.com\/index.php\/wp-json\/wp\/v2\/pages\/1711\/revisions"}],"predecessor-version":[{"id":2320,"href":"https:\/\/alejandroperezparedes.com\/index.php\/wp-json\/wp\/v2\/pages\/1711\/revisions\/2320"}],"wp:attachment":[{"href":"https:\/\/alejandroperezparedes.com\/index.php\/wp-json\/wp\/v2\/media?parent=1711"}],"curies":[{"name":"wp","href":"https:\/\/api.w.org\/{rel}","templated":true}]}}